{"id":3888,"date":"2025-06-29T10:38:59","date_gmt":"2025-06-29T07:38:59","guid":{"rendered":"https:\/\/www.teduskudar.k12.tr\/?page_id=3888"},"modified":"2025-06-29T11:07:34","modified_gmt":"2025-06-29T08:07:34","slug":"virtual-tour","status":"publish","type":"page","link":"https:\/\/www.teduskudar.k12.tr\/en\/virtual-tour\/","title":{"rendered":"Virtual Tour"},"content":{"rendered":"\n<h2 class=\"wp-block-heading\"><strong>Welcome to the TED \u00dcsk\u00fcdar College Virtual Tour<\/strong><\/h2>\n\n\n\n<p>How about getting to know TED \u00dcsk\u00fcdar College better with its unique architecture, contemporary equipment and living spaces that cater to students\u2019 academic, social and cultural development?<\/p>\n\n\n\n<p>Discover all areas of our campus, from modern educational structures ranging from kindergarten to high school to gyms, art workshops to laboratories. You can experience the inspiring atmosphere of TED \u00dcsk\u00fcdar College from anywhere you want by visiting different sections of our campus from the links below.<\/p>\n\n\n\n<figure class=\"wp-block-gallery has-nested-images columns-4 is-cropped wp-block-gallery-1 is-layout-flex wp-block-gallery-is-layout-flex\">\n<figure class=\"wp-block-image size-large\"><img loading=\"lazy\" decoding=\"async\" width=\"800\" height=\"800\" data-id=\"3872\" src=\"https:\/\/www.teduskudar.k12.tr\/wp-content\/uploads\/2025\/06\/OKUL-ONCESI.jpg\" alt=\"\" class=\"wp-image-3872\" srcset=\"https:\/\/www.teduskudar.k12.tr\/wp-content\/uploads\/2025\/06\/OKUL-ONCESI.jpg 800w, https:\/\/www.teduskudar.k12.tr\/wp-content\/uploads\/2025\/06\/OKUL-ONCESI-300x300.jpg 300w, https:\/\/www.teduskudar.k12.tr\/wp-content\/uploads\/2025\/06\/OKUL-ONCESI-150x150.jpg 150w, https:\/\/www.teduskudar.k12.tr\/wp-content\/uploads\/2025\/06\/OKUL-ONCESI-768x768.jpg 768w, https:\/\/www.teduskudar.k12.tr\/wp-content\/uploads\/2025\/06\/OKUL-ONCESI-416x416.jpg 416w\" sizes=\"auto, (max-width: 800px) 100vw, 800px\" \/><\/figure>\n\n\n\n<figure class=\"wp-block-image size-large\"><img loading=\"lazy\" decoding=\"async\" width=\"800\" height=\"800\" data-id=\"3876\" src=\"https:\/\/www.teduskudar.k12.tr\/wp-content\/uploads\/2025\/06\/ILKOKUL.jpg\" alt=\"\" class=\"wp-image-3876\" srcset=\"https:\/\/www.teduskudar.k12.tr\/wp-content\/uploads\/2025\/06\/ILKOKUL.jpg 800w, https:\/\/www.teduskudar.k12.tr\/wp-content\/uploads\/2025\/06\/ILKOKUL-300x300.jpg 300w, https:\/\/www.teduskudar.k12.tr\/wp-content\/uploads\/2025\/06\/ILKOKUL-150x150.jpg 150w, https:\/\/www.teduskudar.k12.tr\/wp-content\/uploads\/2025\/06\/ILKOKUL-768x768.jpg 768w, https:\/\/www.teduskudar.k12.tr\/wp-content\/uploads\/2025\/06\/ILKOKUL-416x416.jpg 416w\" sizes=\"auto, (max-width: 800px) 100vw, 800px\" \/><\/figure>\n\n\n\n<figure class=\"wp-block-image size-large\"><img loading=\"lazy\" decoding=\"async\" width=\"800\" height=\"800\" data-id=\"3874\" src=\"https:\/\/www.teduskudar.k12.tr\/wp-content\/uploads\/2025\/06\/ORTAOKUL.jpg\" alt=\"\" class=\"wp-image-3874\" srcset=\"https:\/\/www.teduskudar.k12.tr\/wp-content\/uploads\/2025\/06\/ORTAOKUL.jpg 800w, https:\/\/www.teduskudar.k12.tr\/wp-content\/uploads\/2025\/06\/ORTAOKUL-300x300.jpg 300w, https:\/\/www.teduskudar.k12.tr\/wp-content\/uploads\/2025\/06\/ORTAOKUL-150x150.jpg 150w, https:\/\/www.teduskudar.k12.tr\/wp-content\/uploads\/2025\/06\/ORTAOKUL-768x768.jpg 768w, https:\/\/www.teduskudar.k12.tr\/wp-content\/uploads\/2025\/06\/ORTAOKUL-416x416.jpg 416w\" sizes=\"auto, (max-width: 800px) 100vw, 800px\" \/><\/figure>\n\n\n\n<figure class=\"wp-block-image size-large\"><img loading=\"lazy\" decoding=\"async\" width=\"800\" height=\"800\" data-id=\"3878\" src=\"https:\/\/www.teduskudar.k12.tr\/wp-content\/uploads\/2025\/06\/LISE.jpg\" alt=\"\" class=\"wp-image-3878\" srcset=\"https:\/\/www.teduskudar.k12.tr\/wp-content\/uploads\/2025\/06\/LISE.jpg 800w, https:\/\/www.teduskudar.k12.tr\/wp-content\/uploads\/2025\/06\/LISE-300x300.jpg 300w, https:\/\/www.teduskudar.k12.tr\/wp-content\/uploads\/2025\/06\/LISE-150x150.jpg 150w, https:\/\/www.teduskudar.k12.tr\/wp-content\/uploads\/2025\/06\/LISE-768x768.jpg 768w, https:\/\/www.teduskudar.k12.tr\/wp-content\/uploads\/2025\/06\/LISE-416x416.jpg 416w\" sizes=\"auto, (max-width: 800px) 100vw, 800px\" \/><\/figure>\n<\/figure>\n","protected":false},"excerpt":{"rendered":"<p>Welcome to the TED \u00dcsk\u00fcdar College Virtual Tour How about getting to know TED \u00dcsk\u00fcdar College better with its unique architecture, contemporary equipment and living spaces that cater to students\u2019 academic, social and cultural development? Discover all areas of our campus, from modern educational structures ranging from kindergarten to high school to gyms, art workshops [&hellip;]<\/p>\n","protected":false},"author":3,"featured_media":0,"parent":0,"menu_order":0,"comment_status":"closed","ping_status":"closed","template":"","meta":{"footnotes":""},"class_list":["post-3888","page","type-page","status-publish","hentry"],"_links":{"self":[{"href":"https:\/\/www.teduskudar.k12.tr\/en\/wp-json\/wp\/v2\/pages\/3888","targetHints":{"allow":["GET"]}}],"collection":[{"href":"https:\/\/www.teduskudar.k12.tr\/en\/wp-json\/wp\/v2\/pages"}],"about":[{"href":"https:\/\/www.teduskudar.k12.tr\/en\/wp-json\/wp\/v2\/types\/page"}],"author":[{"embeddable":true,"href":"https:\/\/www.teduskudar.k12.tr\/en\/wp-json\/wp\/v2\/users\/3"}],"replies":[{"embeddable":true,"href":"https:\/\/www.teduskudar.k12.tr\/en\/wp-json\/wp\/v2\/comments?post=3888"}],"version-history":[{"count":2,"href":"https:\/\/www.teduskudar.k12.tr\/en\/wp-json\/wp\/v2\/pages\/3888\/revisions"}],"predecessor-version":[{"id":3891,"href":"https:\/\/www.teduskudar.k12.tr\/en\/wp-json\/wp\/v2\/pages\/3888\/revisions\/3891"}],"wp:attachment":[{"href":"https:\/\/www.teduskudar.k12.tr\/en\/wp-json\/wp\/v2\/media?parent=3888"}],"curies":[{"name":"wp","href":"https:\/\/api.w.org\/{rel}","templated":true}]}}