{"id":2877,"date":"2023-01-10T02:05:41","date_gmt":"2023-01-09T23:05:41","guid":{"rendered":"https:\/\/www.teduskudar.k12.tr\/yoneticilerimiz\/"},"modified":"2024-11-26T15:46:43","modified_gmt":"2024-11-26T12:46:43","slug":"our-managers","status":"publish","type":"page","link":"https:\/\/www.teduskudar.k12.tr\/en\/corporate\/our-managers\/","title":{"rendered":"Our Managers"},"content":{"rendered":"\n<div class=\"wp-block-columns is-layout-flex wp-container-core-columns-is-layout-9d6595d7 wp-block-columns-is-layout-flex\">\n<div class=\"wp-block-column is-layout-flow wp-block-column-is-layout-flow\" style=\"flex-basis:33.33%\">\n<figure class=\"wp-block-image size-large\"><img loading=\"lazy\" decoding=\"async\" width=\"792\" height=\"1024\" src=\"https:\/\/www.teduskudar.k12.tr\/wp-content\/uploads\/2023\/01\/nevzat-kulaberoglu-792x1024.jpg\" alt=\"\" class=\"wp-image-25\" srcset=\"https:\/\/www.teduskudar.k12.tr\/wp-content\/uploads\/2023\/01\/nevzat-kulaberoglu-792x1024.jpg 792w, https:\/\/www.teduskudar.k12.tr\/wp-content\/uploads\/2023\/01\/nevzat-kulaberoglu-232x300.jpg 232w, https:\/\/www.teduskudar.k12.tr\/wp-content\/uploads\/2023\/01\/nevzat-kulaberoglu-768x993.jpg 768w, https:\/\/www.teduskudar.k12.tr\/wp-content\/uploads\/2023\/01\/nevzat-kulaberoglu-416x538.jpg 416w, https:\/\/www.teduskudar.k12.tr\/wp-content\/uploads\/2023\/01\/nevzat-kulaberoglu.jpg 967w\" sizes=\"auto, (max-width: 792px) 100vw, 792px\" \/><\/figure>\n<\/div>\n\n\n\n<div class=\"wp-block-column is-layout-flow wp-block-column-is-layout-flow\" style=\"flex-basis:66.66%\">\n<p><strong>Nevzat KULABERO\u011eLU &#8211; Founding Director<\/strong><\/p>\n\n\n\n<p>Born in 1971 in Arde\u015fen, Nevzat Kulabero\u011flu completed his undergraduate education at Bo\u011fazi\u00e7i University and then completed his master&#8217;s degree at Marmara University Institute of Science and Technology, Department of Physics Education. He also completed his doctorate at Marmara University Institute of Educational Sciences.<\/p>\n\n\n\n<p>Kulabero\u011flu started his career as a Physics and Science teacher in 1994. In his 28 years of professional life, he worked as a teacher, field leader, IB (International Baccalaureate) Coordinator, school administrator, and senior manager in different units and fields including IB-DP in different private schools. Kulabero\u011flu simultaneously lectured at Bo\u011fazi\u00e7i University Faculty of Education. Attaching importance to implementing original and innovative projects in the education sector, Kulabero\u011flu continued his career as High School Principal and Campus Coordinator at Dar\u00fc\u015f\u015fafaka Educational Institutions in 2012. Between 2016-2021, he served as an Executive Board Member of Bah\u00e7e\u015fehir U\u011fur Education Institutions and as General Manager of U\u011fur Schools.<\/p>\n\n\n\n<p>Serving as the Founding General Manager of TED \u00dcsk\u00fcdar College, Kulabero\u011flu has adopted the principle of realising original and innovative projects in education. As an experienced and idealistic education manager, he will continue to educate individuals who teach, change and enlighten the future with the centuries-old educational experience of the Turkish Education Association and shed light on the future at TED \u00dcsk\u00fcdar College.<\/p>\n\n\n\n<p>With the most experienced, highly motivated and ambitious teachers in their field, more knowledgeable, more creative, happier, more tolerant, more respectful and more sensitive individuals will now be raised at TED \u00dcsk\u00fcdar College.<\/p>\n<\/div>\n<\/div>\n","protected":false},"excerpt":{"rendered":"<p>Nevzat KULABERO\u011eLU &#8211; Founding Director Born in 1971 in Arde\u015fen, Nevzat Kulabero\u011flu completed his undergraduate education at Bo\u011fazi\u00e7i University and then completed his master&#8217;s degree at Marmara University Institute of Science and Technology, Department of Physics Education. He also completed his doctorate at Marmara University Institute of Educational Sciences. Kulabero\u011flu started his career as a [&hellip;]<\/p>\n","protected":false},"author":3,"featured_media":3843,"parent":2899,"menu_order":0,"comment_status":"closed","ping_status":"closed","template":"","meta":{"footnotes":""},"class_list":["post-2877","page","type-page","status-publish","has-post-thumbnail","hentry"],"_links":{"self":[{"href":"https:\/\/www.teduskudar.k12.tr\/en\/wp-json\/wp\/v2\/pages\/2877","targetHints":{"allow":["GET"]}}],"collection":[{"href":"https:\/\/www.teduskudar.k12.tr\/en\/wp-json\/wp\/v2\/pages"}],"about":[{"href":"https:\/\/www.teduskudar.k12.tr\/en\/wp-json\/wp\/v2\/types\/page"}],"author":[{"embeddable":true,"href":"https:\/\/www.teduskudar.k12.tr\/en\/wp-json\/wp\/v2\/users\/3"}],"replies":[{"embeddable":true,"href":"https:\/\/www.teduskudar.k12.tr\/en\/wp-json\/wp\/v2\/comments?post=2877"}],"version-history":[{"count":1,"href":"https:\/\/www.teduskudar.k12.tr\/en\/wp-json\/wp\/v2\/pages\/2877\/revisions"}],"predecessor-version":[{"id":2878,"href":"https:\/\/www.teduskudar.k12.tr\/en\/wp-json\/wp\/v2\/pages\/2877\/revisions\/2878"}],"up":[{"embeddable":true,"href":"https:\/\/www.teduskudar.k12.tr\/en\/wp-json\/wp\/v2\/pages\/2899"}],"wp:featuredmedia":[{"embeddable":true,"href":"https:\/\/www.teduskudar.k12.tr\/en\/wp-json\/wp\/v2\/media\/3843"}],"wp:attachment":[{"href":"https:\/\/www.teduskudar.k12.tr\/en\/wp-json\/wp\/v2\/media?parent=2877"}],"curies":[{"name":"wp","href":"https:\/\/api.w.org\/{rel}","templated":true}]}}