{"id":2874,"date":"2023-01-10T01:57:29","date_gmt":"2023-01-09T22:57:29","guid":{"rendered":"https:\/\/www.teduskudar.k12.tr\/misyon-ve-vizyon\/"},"modified":"2025-03-11T06:02:34","modified_gmt":"2025-03-11T03:02:34","slug":"our-vision-and-mission","status":"publish","type":"page","link":"https:\/\/www.teduskudar.k12.tr\/en\/corporate\/our-vision-and-mission\/","title":{"rendered":"Our Vision and Mission"},"content":{"rendered":"\n<div class=\"wp-block-columns is-layout-flex wp-container-core-columns-is-layout-9d6595d7 wp-block-columns-is-layout-flex\">\n<div class=\"wp-block-column is-layout-flow wp-block-column-is-layout-flow\" style=\"flex-basis:33.33%\">\n<figure class=\"wp-block-image size-full\"><img loading=\"lazy\" decoding=\"async\" width=\"1000\" height=\"667\" src=\"https:\/\/www.teduskudar.k12.tr\/wp-content\/uploads\/2023\/01\/misyon-ve-vizyon.jpg\" alt=\"\" class=\"wp-image-20\" srcset=\"https:\/\/www.teduskudar.k12.tr\/wp-content\/uploads\/2023\/01\/misyon-ve-vizyon.jpg 1000w, https:\/\/www.teduskudar.k12.tr\/wp-content\/uploads\/2023\/01\/misyon-ve-vizyon-300x200.jpg 300w, https:\/\/www.teduskudar.k12.tr\/wp-content\/uploads\/2023\/01\/misyon-ve-vizyon-768x512.jpg 768w, https:\/\/www.teduskudar.k12.tr\/wp-content\/uploads\/2023\/01\/misyon-ve-vizyon-416x277.jpg 416w\" sizes=\"auto, (max-width: 1000px) 100vw, 1000px\" \/><\/figure>\n<\/div>\n\n\n\n<div class=\"wp-block-column is-layout-flow wp-block-column-is-layout-flow\" style=\"flex-basis:66.66%\">\n<h2 class=\"wp-block-heading\"><strong><strong>TED \u00dcsk\u00fcdar College Vision<\/strong><\/strong><\/h2>\n\n\n\n<p>As TED \u00dcsk\u00fcdar College, our vision is to raise individuals who take confident steps towards the future and to whom we can safely entrust the future.<\/p>\n\n\n\n<h2 class=\"wp-block-heading\"><strong>TED \u00dcsk\u00fcdar College Mission Statement<\/strong><\/h2>\n\n\n\n<p>To maintain and uphold an institutional identity that adheres to the tenets of Atat\u00fcrk and the republic, as an institution founded through Atat\u00fcrk&#8217;s wishes and counsel.<\/p>\n\n\n\n<p>To raise individuals who possess confidence and self-esteem, show respect for human rights, are aware of social and universal issues and willing to find solutions to them, and advocate peace, wisdom, and progress.\u00a0<\/p>\n\n\n\n<p>To be a school that any student would like to have the privilege to attend and that boasts a spirit and sense of community that endures long after graduation.<\/p>\n\n\n\n<h3 class=\"wp-block-heading\">Our Core Values<\/h3>\n\n\n\n<ul class=\"wp-block-list\">\n<li>Every child is special and should be made aware of his\/her specialness.<\/li>\n\n\n\n<li>Every teacher is very valuable.<\/li>\n\n\n\n<li>Success is not a coincidence, efforts should be made.<\/li>\n\n\n\n<li>Time is very valuable, it should be used effectively.<\/li>\n\n\n\n<li>Creativity should be supported.<\/li>\n\n\n\n<li>Technology instruments should be in line with current trends.<\/li>\n<\/ul>\n<\/div>\n<\/div>\n","protected":false},"excerpt":{"rendered":"<p>TED \u00dcsk\u00fcdar College Vision As TED \u00dcsk\u00fcdar College, our vision is to raise individuals who take confident steps towards the future and to whom we can safely entrust the future. TED \u00dcsk\u00fcdar College Mission Statement To maintain and uphold an institutional identity that adheres to the tenets of Atat\u00fcrk and the republic, as an institution [&hellip;]<\/p>\n","protected":false},"author":3,"featured_media":0,"parent":2899,"menu_order":0,"comment_status":"closed","ping_status":"closed","template":"","meta":{"footnotes":""},"class_list":["post-2874","page","type-page","status-publish","hentry"],"_links":{"self":[{"href":"https:\/\/www.teduskudar.k12.tr\/en\/wp-json\/wp\/v2\/pages\/2874","targetHints":{"allow":["GET"]}}],"collection":[{"href":"https:\/\/www.teduskudar.k12.tr\/en\/wp-json\/wp\/v2\/pages"}],"about":[{"href":"https:\/\/www.teduskudar.k12.tr\/en\/wp-json\/wp\/v2\/types\/page"}],"author":[{"embeddable":true,"href":"https:\/\/www.teduskudar.k12.tr\/en\/wp-json\/wp\/v2\/users\/3"}],"replies":[{"embeddable":true,"href":"https:\/\/www.teduskudar.k12.tr\/en\/wp-json\/wp\/v2\/comments?post=2874"}],"version-history":[{"count":2,"href":"https:\/\/www.teduskudar.k12.tr\/en\/wp-json\/wp\/v2\/pages\/2874\/revisions"}],"predecessor-version":[{"id":3457,"href":"https:\/\/www.teduskudar.k12.tr\/en\/wp-json\/wp\/v2\/pages\/2874\/revisions\/3457"}],"up":[{"embeddable":true,"href":"https:\/\/www.teduskudar.k12.tr\/en\/wp-json\/wp\/v2\/pages\/2899"}],"wp:attachment":[{"href":"https:\/\/www.teduskudar.k12.tr\/en\/wp-json\/wp\/v2\/media?parent=2874"}],"curies":[{"name":"wp","href":"https:\/\/api.w.org\/{rel}","templated":true}]}}