{"id":2868,"date":"2023-01-10T01:40:24","date_gmt":"2023-01-09T22:40:24","guid":{"rendered":"https:\/\/www.teduskudar.k12.tr\/turk-egitim-dernegi\/"},"modified":"2024-11-26T15:36:30","modified_gmt":"2024-11-26T12:36:30","slug":"turkish-education-association","status":"publish","type":"page","link":"https:\/\/www.teduskudar.k12.tr\/en\/corporate\/turkish-education-association\/","title":{"rendered":"Turkish Education Association"},"content":{"rendered":"\n<div class=\"wp-block-columns is-layout-flex wp-container-core-columns-is-layout-9d6595d7 wp-block-columns-is-layout-flex\">\n<div class=\"wp-block-column is-layout-flow wp-block-column-is-layout-flow\" style=\"flex-basis:33.33%\">\n<figure class=\"wp-block-image size-full\"><img loading=\"lazy\" decoding=\"async\" width=\"1000\" height=\"974\" src=\"https:\/\/www.teduskudar.k12.tr\/wp-content\/uploads\/2023\/01\/turk-egitim-dernegi-banner.jpg\" alt=\"T\u00fcrk E\u011fitim Derne\u011fi\" class=\"wp-image-13\" srcset=\"https:\/\/www.teduskudar.k12.tr\/wp-content\/uploads\/2023\/01\/turk-egitim-dernegi-banner.jpg 1000w, https:\/\/www.teduskudar.k12.tr\/wp-content\/uploads\/2023\/01\/turk-egitim-dernegi-banner-300x292.jpg 300w, https:\/\/www.teduskudar.k12.tr\/wp-content\/uploads\/2023\/01\/turk-egitim-dernegi-banner-768x748.jpg 768w, https:\/\/www.teduskudar.k12.tr\/wp-content\/uploads\/2023\/01\/turk-egitim-dernegi-banner-416x405.jpg 416w\" sizes=\"auto, (max-width: 1000px) 100vw, 1000px\" \/><\/figure>\n<\/div>\n\n\n\n<div class=\"wp-block-column is-layout-flow wp-block-column-is-layout-flow\" style=\"flex-basis:66.66%\">\n<p>With the establishment of the Republic of Turkey, education was one of the areas that Mustafa Kemal Atat\u00fcrk prioritized and supported all kinds of investments for its development. In this context, his speech in the Parliament in 1925, calling on individuals and private organizations to contribute to education, was the first step towards establishing the \u2018Turkish Education Society\u2019 and the qualified Turkish schools that Atat\u00fcrk longed for. The Turkish Education Society, now known as the Turkish Education Association, was founded on 31 January 1928 under the leadership of the cadres who founded the Republic upon Mustafa Kemal Atat\u00fcrk&#8217;s call.<\/p>\n\n\n\n<p>The Turkish Education Association is a well-established non-governmental organization whose mission is to provide scholarships to successful but underprivileged students, to open foreign language schools and dormitories in Turkey and abroad, to create scientific platforms that will bring Turkish education standards to modern levels, to raise public awareness about the problems and solutions of the education system and to contribute to the formulation of Turkish education policy.<\/p>\n\n\n\n<h2 class=\"wp-block-heading\">Why does TED Open a School?<\/h2>\n\n\n\n<p>The Turkish Education Association believes that education is the most important factor in the economic and social development of a country and<\/p>\n\n\n\n<ul class=\"wp-block-list\">\n<li>To contribute to the development of Turkey through education,<\/li>\n\n\n\n<li>To raise the level of education in the regions where their schools are located,<\/li>\n\n\n\n<li>It opens schools to provide education to successful children with limited financial means.<\/li>\n<\/ul>\n<\/div>\n<\/div>\n","protected":false},"excerpt":{"rendered":"<p>With the establishment of the Republic of Turkey, education was one of the areas that Mustafa Kemal Atat\u00fcrk prioritized and supported all kinds of investments for its development. In this context, his speech in the Parliament in 1925, calling on individuals and private organizations to contribute to education, was the first step towards establishing the [&hellip;]<\/p>\n","protected":false},"author":3,"featured_media":0,"parent":2899,"menu_order":0,"comment_status":"closed","ping_status":"closed","template":"","meta":{"footnotes":""},"class_list":["post-2868","page","type-page","status-publish","hentry"],"_links":{"self":[{"href":"https:\/\/www.teduskudar.k12.tr\/en\/wp-json\/wp\/v2\/pages\/2868","targetHints":{"allow":["GET"]}}],"collection":[{"href":"https:\/\/www.teduskudar.k12.tr\/en\/wp-json\/wp\/v2\/pages"}],"about":[{"href":"https:\/\/www.teduskudar.k12.tr\/en\/wp-json\/wp\/v2\/types\/page"}],"author":[{"embeddable":true,"href":"https:\/\/www.teduskudar.k12.tr\/en\/wp-json\/wp\/v2\/users\/3"}],"replies":[{"embeddable":true,"href":"https:\/\/www.teduskudar.k12.tr\/en\/wp-json\/wp\/v2\/comments?post=2868"}],"version-history":[{"count":1,"href":"https:\/\/www.teduskudar.k12.tr\/en\/wp-json\/wp\/v2\/pages\/2868\/revisions"}],"predecessor-version":[{"id":2870,"href":"https:\/\/www.teduskudar.k12.tr\/en\/wp-json\/wp\/v2\/pages\/2868\/revisions\/2870"}],"up":[{"embeddable":true,"href":"https:\/\/www.teduskudar.k12.tr\/en\/wp-json\/wp\/v2\/pages\/2899"}],"wp:attachment":[{"href":"https:\/\/www.teduskudar.k12.tr\/en\/wp-json\/wp\/v2\/media?parent=2868"}],"curies":[{"name":"wp","href":"https:\/\/api.w.org\/{rel}","templated":true}]}}